{"id":13942,"date":"2024-03-07T01:20:26","date_gmt":"2024-03-07T04:20:26","guid":{"rendered":"https:\/\/historiadelperonismo.com\/?page_id=13942"},"modified":"2024-04-25T18:08:14","modified_gmt":"2024-04-25T21:08:14","slug":"home-2","status":"publish","type":"page","link":"https:\/\/historiadelperonismo.com\/?page_id=13942","title":{"rendered":"Home"},"content":{"rendered":"\t\t<div data-elementor-type=\"wp-page\" data-elementor-id=\"13942\" class=\"elementor elementor-13942\">\n\t\t\t\t<div class=\"elementor-element elementor-element-09d8acb e-flex e-con-boxed e-con e-parent\" data-id=\"09d8acb\" data-element_type=\"container\" data-e-type=\"container\" data-settings=\"{&quot;background_background&quot;:&quot;classic&quot;}\">\n\t\t\t\t\t<div class=\"e-con-inner\">\n\t\t\t\t<div class=\"elementor-element elementor-element-061b4fb elementor-widget elementor-widget-shortcode\" data-id=\"061b4fb\" data-element_type=\"widget\" data-e-type=\"widget\" data-widget_type=\"shortcode.default\">\n\t\t\t\t<div class=\"elementor-widget-container\">\n\t\t\t\t\t\t\t<div class=\"elementor-shortcode\"><div id=\"metaslider-id-12957\" style=\"width: 100%;\" class=\"ml-slider-3-109-0 metaslider metaslider-flex metaslider-12957 ml-slider ms-theme-default nav-hidden\" role=\"region\" aria-label=\"Homepage Slider\" data-height=\"423\" data-width=\"961\">\n    <div id=\"metaslider_container_12957\">\n        <div id=\"metaslider_12957\">\n            <ul class='slides'>\n                <li style=\"display: block; width: 100%;\" class=\"slide-12958 ms-image \" aria-roledescription=\"slide\" data-date=\"2021-01-09 16:17:20\" data-filename=\"image_intro1.jpg\" data-slide-type=\"image\"><img fetchpriority=\"high\" decoding=\"async\" src=\"https:\/\/historiadelperonismo.com\/wp-content\/uploads\/image_intro1.jpg\" height=\"423\" width=\"961\" alt=\"\" class=\"slider-12957 slide-12958 msDefaultImage\" title=\"image_intro1\" \/><\/li>\n                <li style=\"display: none; width: 100%;\" class=\"slide-12959 ms-image \" aria-roledescription=\"slide\" data-date=\"2021-01-09 16:18:08\" data-filename=\"banner21.jpg\" data-slide-type=\"image\"><img decoding=\"async\" src=\"https:\/\/historiadelperonismo.com\/wp-content\/uploads\/banner21.jpg\" height=\"423\" width=\"961\" alt=\"\" class=\"slider-12957 slide-12959 msDefaultImage\" title=\"banner21\" \/><\/li>\n                <li style=\"display: none; width: 100%;\" class=\"slide-12960 ms-image \" aria-roledescription=\"slide\" data-date=\"2021-01-09 16:18:19\" data-filename=\"banner31.jpg\" data-slide-type=\"image\"><img decoding=\"async\" src=\"https:\/\/historiadelperonismo.com\/wp-content\/uploads\/banner31.jpg\" height=\"423\" width=\"961\" alt=\"\" class=\"slider-12957 slide-12960 msDefaultImage\" title=\"banner31\" \/><\/li>\n            <\/ul>\n        <\/div>\n        \n    <\/div>\n<\/div><\/div>\n\t\t\t\t\t\t<\/div>\n\t\t\t\t<\/div>\n\t\t\t\t\t<\/div>\n\t\t\t\t<\/div>\n\t\t<div class=\"elementor-element elementor-element-de63b7c e-flex e-con-boxed e-con e-parent\" data-id=\"de63b7c\" data-element_type=\"container\" data-e-type=\"container\" data-settings=\"{&quot;background_background&quot;:&quot;classic&quot;}\">\n\t\t\t\t\t<div class=\"e-con-inner\">\n\t\t\t\t<div class=\"elementor-element elementor-element-6937b8e elementor-widget elementor-widget-html\" data-id=\"6937b8e\" data-element_type=\"widget\" data-e-type=\"widget\" data-widget_type=\"html.default\">\n\t\t\t\t<div class=\"elementor-widget-container\">\n\t\t\t\t\t<h1 class=\"title\" style=\"text-align: center !important; font-size:44px !important; border-bottom: 1px Solid #FFF !important; line-height: 88px !important; letter-spacing: -1px; border-top: 1px Solid #FFF !important; line-height: 88px !important; letter-spacing: -1px; color:#ffffff;\" >EDITORIAL<\/h1>\n<div style=\"margin-left:40px; margin-right:40px; padding-top:25px; color: #ffffff; \">\n<br\/>\n<p style=\"font-size:13pt; font-family: Verdana; line-height:17pt; font-style: bold; text-align:justify;\">\nNuestras felicitaciones y reconocimiento para editores\/as, redactores\/as, colaboradores\/as y equipo t\u00e9cnico por la nueva edici\u00f3n de Hechos e Ideas, gloriosa tribuna abierta del pensamiento nacional y latinoamericano.<\/p>\n<br\/>\n\n<img decoding=\"async\" class=\"alignnone size-full wp-image-12789 aligncenter\" src=\"https:\/\/historiadelperonismo.com\/wp-content\/uploads\/HechoseIdeas.jpg\" alt=\"Hechos e Ideas\"  >\n<p style=\"font-size:14pt; font-family: Verdana; line-height:17pt; font-style: bold; text-align:center;\"><a href=\"https:\/\/onedrive.live.com\/?authkey=%21ANwuOAw4mcLqHCw&id=3D00A58DBC504DFB%21356&cid=3D00A58DBC504DFB&parId=root&parQt=sharedby&o=OneUp\" target=\"_blank\" style=\"color:#ffffff;\">CLICK AC\u00c1<\/a><\/p>\n\n<table style=\"border-collapse: collapse; width: 100%; border=1; color: #ffffff;\">\n<tbody>\n<tr>\n\n<\/tr>\n<\/tbody>\n<\/table>\n\n<\/div>\t\t\t\t<\/div>\n\t\t\t\t<\/div>\n\t\t\t\t\t<\/div>\n\t\t\t\t<\/div>\n\t\t<div class=\"elementor-element elementor-element-68218b8 e-flex e-con-boxed e-con e-parent\" data-id=\"68218b8\" data-element_type=\"container\" data-e-type=\"container\" data-settings=\"{&quot;background_background&quot;:&quot;classic&quot;}\">\n\t\t\t\t\t<div class=\"e-con-inner\">\n\t\t\t\t<div class=\"elementor-element elementor-element-89037a0 elementor-widget elementor-widget-html\" data-id=\"89037a0\" data-element_type=\"widget\" data-e-type=\"widget\" data-widget_type=\"html.default\">\n\t\t\t\t<div class=\"elementor-widget-container\">\n\t\t\t\t\t<h1 class=\"title\" style=\"text-align: center !important; font-size:44px !important; border-bottom: 1px Solid #FFF !important; line-height: 88px !important; letter-spacing: -1px; border-top: 1px Solid #FFF !important; line-height: 88px !important; letter-spacing: -1px; color:#ffffff;\" >ULTIMAS ACTUALIZACIONES<\/h1>\t\t\t\t<\/div>\n\t\t\t\t<\/div>\n\t\t\t\t\t<\/div>\n\t\t\t\t<\/div>\n\t\t<div class=\"elementor-element elementor-element-9375ba0 e-flex e-con-boxed e-con e-parent\" data-id=\"9375ba0\" data-element_type=\"container\" data-e-type=\"container\" data-settings=\"{&quot;background_background&quot;:&quot;classic&quot;}\">\n\t\t\t\t\t<div class=\"e-con-inner\">\n\t\t<div class=\"elementor-element elementor-element-8b12d66 e-con-full e-flex e-con e-child\" data-id=\"8b12d66\" data-element_type=\"container\" data-e-type=\"container\">\n\t\t\t\t<div class=\"elementor-element elementor-element-55686c0 elementor-widget elementor-widget-html\" data-id=\"55686c0\" data-element_type=\"widget\" data-e-type=\"widget\" data-widget_type=\"html.default\">\n\t\t\t\t<div class=\"elementor-widget-container\">\n\t\t\t\t\t<div style=\"color:#ffffff; margin-top: 20px; margin-left:10px;\">\n\n<a href=\"https:\/\/historiadelperonismo.com\/?page_id=5373\"><h2 style=\"color:#ffffff;\"><strong>CRONOLOG\u00cdA<\/strong><\/h2> <\/a>\n<p style=\"margin-left: 20px;\"><br \/>\n<a href=\"https:\/\/historiadelperonismo.com\/?page_id=5365\/\" style=\"color: #fff !important;\" >- A\u00f1os 1974 y 1975<\/a><br \/><br \/>\n<a href=\"https:\/\/historiadelperonismo.com\/?page_id=7146\" style=\"color: #fff !important;\">- A\u00f1o 1976<\/a>\n<br \/><br \/><br \/>\n<\/p>\n\n<a href=\"https:\/\/historiadelperonismo.com\/?page_id=1832\"><h2 style=\"color:#ffffff;\"><strong>TEMAS ESPECIALES<\/strong><\/h2><\/a>\n<p style=\"margin-left: 20px;\">\n<br \/>\n\n<a href=\"https:\/\/historiadelperonismo.com\/?p=13769\" style=\"color: #FFF\">-  C\u00e1tulo Castillo<br\/>\n<em>\"Este hombre tiene un talento descomunal\"<\/em><br\/>\npor Roberto Maffeis<br\/>\nLeer m\u00e1s...<\/a><br\/><br\/>\n\n<a href=\" https:\/\/historiadelperonismo.com\/?p=13859\" style=\"color: #FFF\">- El pensamiento de Per\u00f3n<br\/>\nVIDEO <br\/>\nGrupo FABRO - Fabian D'Antonio<br\/> \nSeminario Ciclo de Conferencias<br\/>\nDesde el Pensamiento Nacional. La Historia y el Presente<br\/>\nEncuentro N\u00ba 33\npor Roberto Maffeis<br\/>\nLeer m\u00e1s<\/a><br\/><br\/>\n\n<a href=\"https:\/\/historiadelperonismo.com\/?p=13466\" style=\"color: #FFF\">-  Cultura y Contracultura en el Pueblo Argentino<br\/>\nEl Porvenir inmediato y nuestra supervivencia como naci\u00f3n y comunidad<br\/>\npor Roberto Maffeis<br\/>\nLeer m\u00e1s...<\/a><br\/><br\/>\n\n<a href=\"https:\/\/historiadelperonismo.com\/?p=12962\" style=\"color: #FFF\">-  La Guerra Piscol\u00f3gica<br\/>\npor Ram\u00f3n Carrillo<br\/>\nLeer m\u00e1s...<\/a><br\/><br\/>\n\n<a href=\"https:\/\/historiadelperonismo.com\/?p=13103\" style=\"color: #FFF\">-  Per\u00f3n y el 17 de Octubre<br\/>\nBiblioteca del Congreso de la Naci\u00f3n<br\/>\nLeer m\u00e1s...<\/a><br\/><br\/>\n\n<a href=\"https:\/\/historiadelperonismo.com\/?p=6555\" style=\"color: #FFF\">-  Refundar el Peronismo<br\/>\npor Roberto Maffeis<br\/>\nLeer m\u00e1s...<\/a><br\/><br\/>\n\n<a href=\"https:\/\/historiadelperonismo.com\/?p=6555\" style=\" \ncolor:#fff\">\n- Alejandro \u00c1lvarez<br\/>\nHomenajes de Fernando Li\u00e9banes y<br\/>\nRicardo Romano\n<br\/>Leer m\u00e1s<\/a><br \/><br \/>\n\n\n<a href=\"https:\/\/historiadelperonismo.com\/?p=12299\" style=\" \ncolor:#fff\">\n- La Argentina americana<br\/>\n    por Alberto Buela\n<br\/>Leer m\u00e1s<\/a><br \/><br \/>\n<br \/>\n\n<a href=\"https:\/\/historiadelperonismo.com\/?p=12267\" style=\" \ncolor:#fff\">\n- La Unidad Latinoamericana en los Ideales de Mart\u00ed y Per\u00f3n<br\/>\n    An\u00e1lisis del Ensayo Nuestra Am\u00e9rica y del discurso del Presidente Per\u00f3n en la \nEscuela Nacional de Guerra\n<br\/>Leer m\u00e1s<\/a><br \/><br \/>\n\n<a href=\"https:\/\/historiadelperonismo.com\/?p=12309\" style=\" \ncolor:#fff\">\n- Revoluci\u00f3n 1943-4 de Junio-2019<br\/>\n    por Jos\u00e9 Quarracino y Juan C. Vacarezza\n<br\/>Leer m\u00e1s<\/a><br \/><br \/>\n\n<a href=\"https:\/\/historiadelperonismo.com\/?p=12196\" style=\" \ncolor:#fff\">\n- Dignificar a la mujer y a la familia para que la Argentina renazca<br\/>\n    PERON VUELVE\n<br\/>Leer m\u00e1s<\/a><br \/><br \/>\n\n\n<a href=\"https:\/\/historiadelperonismo.com\/?p=12143\" style=\" \ncolor:#fff\">\n- El sindicalismo argentino a trav\u00e9s del pensamiento de Per\u00f3n <br \/>\nPresidencia de la Naci\u00f3n<br \/>\nSubsecretar\u00eda de Informaciones<br \/>\nBuenos Aires, 1951\n<br\/>Leer m\u00e1s<\/a><br \/><br \/>\n\n<a href=\"https:\/\/historiadelperonismo.com\/?p=12148\" style=\" \ncolor:#fff\">\n-El Modelo Sindical Argentino<br \/>\nPor H\u00e9ctor Recalde<br \/>\nLa correcta inspiraci\u00f3n del autor y el desastre pol\u00edtico del \nkirchnerismo.<br \/>\nLa fragmentaci\u00f3n.\n<br\/>Leer m\u00e1s<\/a><br \/><br \/>\n\n<a href=\"https:\/\/historiadelperonismo.com\/?p=12135\" style=\" \ncolor:#fff\">\n- Estatuas de Per\u00f3n, Evita, el Trabajador y sus derechos<br \/>\nEl fruto del odio\n<br\/>Leer m\u00e1s<\/a><br \/><br \/>\n<\/p>\n\n<a href=\"https:\/\/historiadelperonismo.com\/?page_id=1950\"><h2 style=\"color:#ffffff;\"><strong>OTROS AUTORES<\/strong><\/h2><\/a>\n<p style=\"margin-left: 20px;\">\n<br \/>\n\n<a href=\"https:\/\/historiadelperonismo.com\/?p=13389\" style=\" \n color:#fff\">- Reyes, Ra\u00fal<br\/>\nRefundaci\u00f3n Democr\u00e1tica y Polo Comunitario<br\/>Leer m\u00e1s<\/a><br \/><br \/>\n\n<a href=\"https:\/\/historiadelperonismo.com\/?p=13429\" style=\" \n color:#fff\">- Vasallo, Mar\u00eda Sof\u00eda <br\/>\nDi\u00e1logos entre los l\u00edderes y sus seguidores durante el primer Peronismo <br\/>\nLa rebeld\u00eda de las multitudes, la rearticulaci\u00f3n de la configuraci\u00f3n cultural argentina y la insubordinaci\u00f3n fundante. <br\/>\nTesis de doctorado <br\/>Leer m\u00e1s<\/a><br \/><br \/>\n\n\n<a href=\"https:\/\/historiadelperonismo.com\/?p=12855\" style=\" \n color:#fff\">- Alvarez, Alejandro<br\/>\nAh\u00ed vamos a volver!<br\/>Leer m\u00e1s<\/a><br \/><br \/>\n\n<a href=\"https:\/\/historiadelperonismo.com\/?p=12440\" style=\" \n color:#fff\">- Alvarez, Alejandro<br\/> \nRelato Hist\u00f3rico, Completo <br\/>Leer m\u00e1s<\/a><br \/><br \/>\n\n<a href=\"https:\/\/historiadelperonismo.com\/?p=12672\" style=\" \n color:#fff\">- Remes Lenicov, Jorge<br\/>\nEl plan de Per\u00f3n para salir de la crisis <br\/>Leer m\u00e1s<\/a><br \/><br \/>\n\n<a href=\"https:\/\/historiadelperonismo.com\/?p=12490\" style=\" \n color:#fff\">- Marysa Navarro<br\/>\nEvita <br\/>Leer m\u00e1s<\/a><br \/><br \/>\n\n\n<a href=\"https:\/\/historiadelperonismo.com\/?p=10152\" style=\" \n color:#fff\">- Zamarrita, Marta<br\/>\nEva Per\u00f3n, Vaticinio para desesperanzados<br\/>\nPoema<br\/>Leer m\u00e1s<\/a><br \/><br \/>\n\n<a href=\"https:\/\/historiadelperonismo.com\/?p=10103\" style=\" color:#fff !important;\">- Disc\u00e9polo, Enrique Santos<br\/>\nYo no lo invent\u00e9 a Per\u00f3n<br\/>\nAudio 10-11-1951<br\/>\nAnexo: Disc\u00e9polo un artista con todas las letras y <br\/>\ntodos los silencios de su pueblo<br\/>\n Por Pedro Patzer <br\/>Leer m\u00e1s<\/a><br \/><br \/>\n\n<a href=\"https:\/\/historiadelperonismo.com\/?p=10134\" style=\" color:#fff !important;\">- Patzer, Pedro<br \/>\nDisc\u00e9polo un artista con todas las letras y todos los silencios de su pueblo como anexo de Yo no lo invent\u00e9 a Per\u00f3n, por Disc\u00e9polo, Enrique Santos<br\/>Leer m\u00e1s<\/a><br \/><br \/>\n<\/p>\n<a href=\"https:\/\/historiadelperonismo.com\/?page_id=2352\"><h2 style=\"margin-left: 20px; font-size: 28px; \"><h2 style=\"color:#ffffff;\"><strong>PENSAMIENTOS<\/strong><\/h2> <\/a>\n<p style=\"margin-left: 20px;\">\n<br \/>\n<a href=\"https:\/\/historiadelperonismo.com\/?page_id=2352\" style=\" color:#fff !important;\">- M\u00e1s pensamientos de Per\u00f3n y Evita<\/a>\n<br \/><br \/><br \/>\n<\/p>\n<\/div>\t\t\t\t<\/div>\n\t\t\t\t<\/div>\n\t\t\t\t<\/div>\n\t\t<div class=\"elementor-element elementor-element-dea0618 e-con-full e-flex e-con e-child\" data-id=\"dea0618\" data-element_type=\"container\" data-e-type=\"container\">\n\t\t\t\t<div class=\"elementor-element elementor-element-d528fc9 elementor-widget elementor-widget-html\" data-id=\"d528fc9\" data-element_type=\"widget\" data-e-type=\"widget\" data-widget_type=\"html.default\">\n\t\t\t\t<div class=\"elementor-widget-container\">\n\t\t\t\t\t<div style=\"color:#fff;margin-top: 20px; margin-right:10px;\">\n\n<a href=\"https:\/\/historiadelperonismo.com\/?page_id=1859\/\"><h2 style=\"margin-left: 20px; color: #fff; font-size:28px; \"><h2 style=\"color:#ffffff;\">TEXTOS CENTRALES<\/h2><\/a>\n<p style=\"margin-left: 20px;\">\n<br \/>\n\n<a href=\"https:\/\/historiadelperonismo.com\/?p=13536\" style=\"color: #FFF\">-  MUERTE DE EVITA, 26-07-1952<br>\n<em>\"Se llamaba Eva...Y en la lucha que ella emprendiera contra la injusticia de su pueblo, ganar\u00e1 batallas al conjuro de su nombre\" <\/em>- Alejandro Olmos<br>\npor Roberto Maffeis<br>\nLeer m\u00e1s...<\/a><br\/><br\/>\n\n<a href=\"https:\/\/historiadelperonismo.com\/?p=13730&preview=true\" style=\"color: #FFF\">-  La milicia sanitaria de Eva Per\u00f3n<br\/>\npor Cynthia Otavian, Agencia Paco Urondo<br\/>\nLeer m\u00e1s...<\/a><br\/><br\/>\n\n<a href=\"https:\/\/historiadelperonismo.com\/?p=13294\" style=\"color: #FFF\">-  Salud P\u00fablica  <br\/>\nEl Hospital Evita de Lan\u00fas-Pcia. de Bs. Aires - \u201cEl amor y la ciencia\u201d <br\/>\nEl derecho a la salud no terminaba con la prestaci\u00f3n sanitaria. <br\/>\nContenci\u00f3n hasta el final y hasta el despu\u00e9s. Detalles que revelan el amor de Evita a los enfermos, a sus familiares y al personal del hospital. <br\/>\n           El d\u00eda en que Per\u00f3n llor\u00f3.<br\/>\nLeer m\u00e1s...<\/a><br\/><br\/>\n\n<a href=\"https:\/\/historiadelperonismo.com\/?p=12796\" style=\"color: #FFF\">-  Reforma Penitenciaria en el Justicialismo<br\/>\n\"Mi general, nos estamos quedando sin presos\", Pettinato<br\/>\nLeer m\u00e1s...<\/a><br\/><br\/>\n\n<a href=\"https:\/\/historiadelperonismo.com\/?p=12629\" style=\"color: #FFF\">-  Estatuto del Pe\u00f3n de Campo<br\/>Fin de la esclavitud<br\/>\nLeer m\u00e1s...<\/a><br\/><br\/>\n\n<a href=\"https:\/\/historiadelperonismo.com\/?p=12523\" style=\"color: #FFF\">-  Unidad en la Educaci\u00f3n del Pueblo Argentino<br\/>Enunciados Centrales<br\/>Discurso del Gral Per\u00f3n 01-05-1949\n<br\/>Leer m\u00e1s...<\/a><br\/><br\/>\n\n<a href=\"https:\/\/historiadelperonismo.com\/?p=12596\" style=\"color: #FFF\">-  El \"Barrio Per\u00f3n\", 70 a\u00f1os de un lugar <br\/>emblem\u00e1tico de Buenos Aires, Saavedra\n<br\/>Leer m\u00e1s...<\/a><br\/><br\/>\n\n<a href=\"https:\/\/historiadelperonismo.com\/?p=12187\" style=\"color: #FFF\">-  Evita entrega llaves a los nuevos propietarios del Barrio Presidente Per\u00f3n\n<br\/>Leer m\u00e1s...<\/a><br\/><br\/>\n<a href=\"https:\/\/historiadelperonismo.com\/?p=9934\" style=\"color: #FFF\">- Video sobre el viaje de Evita a Espa\u00f1a en 1947 extra\u00eddo de la \npel\u00edcula \"Per\u00f3n sinfon\u00eda del sentimiento\", de Leonardo Favio\nPublicada en Youtube por La Baldrich\n<br\/>Ver Evita viaja a Europa-1947<br\/>Leer m\u00e1s...<\/a><br\/><br\/>\n\n<a href=\"https:\/\/historiadelperonismo.com\/?p=10909\" style=\"color: #FFF\">- Escuela Superior Peronista<br\/>Inauguraci\u00f3n 01-03-1951<br\/>El valor de la formaci\u00f3n y de la capacitaci\u00f3n<br\/>La formaci\u00f3n de la militancia hoy<br\/>Leer m\u00e1s...<\/a><br\/><br\/>\n\n<a href=\"https:\/\/historiadelperonismo.com\/?p=10969\" style=\"color: #FFF\">-Darwin Passaponti, 17 a\u00f1os y Francisco Ramos, 21 a\u00f1os<br\/>\u00a1Presentes!<br\/>1945-17 de octubre-2008<br\/>y los primeros m\u00e1rtires del Peronismo<br\/>por Roberto Bardini<br\/>Leer m\u00e1s...<\/a><br\/><br\/>\n<\/p>\n<a href=\"https:\/\/historiadelperonismo.com\/?page_id=1853\/\">\n<h2 style=\"margin-left: 20px; font-size: 28px; color:#ffffff;\">DOCUMENTACION<\/h2><\/a>\n<p style=\"margin-left: 20px;\">\n<br \/>\n\n<a href=\"https:\/\/historiadelperonismo.com\/?p=13347\" style=\"color: #FFF\">- Per\u00f3n, J. D.<br\/>\nDiscurso pronunciado por el Gral. Per\u00f3n en el acto de homenaje tributado por las Universidades Argentinas al otorg\u00e1rsele el t\u00edtulo de Doctor \u201cHonoris Causa\u201d por su obra a favor de la Cultura Nacional. <br\/>\nLeer m\u00e1s<\/a>\n<br\/><br\/>\n\n<a href=\"https:\/\/historiadelperonismo.com\/?p=13358\" style=\"color: #FFF\">- Per\u00f3n, J. D.<br\/>\nDiscurso pronunciado por el Gral. Per\u00f3n el 13-05-47 a los organizadores de los actos del 1\u00ba de Mayo de 1974. <br\/>\nLeer m\u00e1s<\/a>\n<br\/><br\/>\n\n<a href=\"https:\/\/historiadelperonismo.com\/?p=13194\" style=\"color: #FFF\">- Bevilacqua, P.<br\/>\nLa Resistencia Peronista<br\/>\nBombardeos a Plaza de Mayo 16-06-1955<br\/>\nAntecedentes y Consecuencias<br\/>\npor Pedro Bevilaqua, militante de la Resistencia Peronista<br\/>\nGrupo Fabro<br\/>\nVer y escuchar<\/a>\n<br\/>\n<br \/>\n\n<a href=\"https:\/\/historiadelperonismo.com\/?p=13240\" style=\"color: #FFF\">- Francisco<br\/>\nEnc\u00edclica Fratelli Tutti<br\/>\nLeer m\u00e1s<\/a>\n<br\/>\n<br \/>\n\n<a href=\"https:\/\/historiadelperonismo.com\/?p=4558\" style=\"color: #FFF\">- Per\u00f3n, J. D.<br\/>\nModelo Argentino para el Proyecto Nacional<br\/>\nPublicaci\u00f3n de la Biblioteca del Congreso Nacional<br\/>\nLeer m\u00e1s<\/a>\n<br\/>\n<br \/>\n\n<a href=\"https:\/\/historiadelperonismo.com\/?p=12781\" style=\"color: #FFF\">- Per\u00f3n, J. D.<br\/>\nPer\u00f3n, Juan D.<br\/>\nMensaje a los argentinos del 12-06-1974 <br\/>\ndesde el Sal\u00f3n Blanco-Casa Rosada<br\/>\n11,30 hs.<br\/>\nLeer m\u00e1s<\/a>\n<br\/>\n<br \/>\n\n\n<a href=\"https:\/\/historiadelperonismo.com\/?p=12559\" style=\"color: #FFF\">- Per\u00f3n, J. D.<br\/>\nPer\u00f3n, Juan D.<br\/>\nLa Comunidad Organizada II<br\/>\ny Texto de la Reforma de la Constituci\u00f3n Nacional 1949<br\/>\nLeer m\u00e1s<\/a>\n<br\/>\n<br\/>\n\n<a href=\"https:\/\/historiadelperonismo.com\/?p=12423\" style=\"color: #FFF\">- Per\u00f3n, J. D.<br\/>\nPer\u00f3n, Juan D.<br\/>\nMensaje del 21-06-1973<br\/>\n1 D\u00eda despu\u00e9s de su retorno definitivo a la Patria<br\/>\nLeer m\u00e1s<\/a>\n<br\/>\n<br \/>\n\n<a href=\"https:\/\/historiadelperonismo.com\/?p=4566\" style=\"color: #FFF\">- Per\u00f3n, Juan D.<br\/> \nDocumentaci\u00f3n del 12-06-1948<br\/>\nEntierro del Mensaje a los Argentinos del 2000<\/a>\n<br\/>\n<br \/>\n\n<a href=\"https:\/\/historiadelperonismo.com\/?p=12180\" style=\"color: #FFF\">- Per\u00f3n, Juan D.<br\/>\nDoctrina para la Reconstrucci\u00f3n Nacional<br\/>\nLeer m\u00e1s<\/a>\n<br\/>\n<br \/>\n\n<a href=\"https:\/\/historiadelperonismo.com\/?p=12192\" style=\"color: #FFF\">\n-Per\u00f3n, Eva<br\/>\n Palabras de agasajo a los delegados obreros latinoamericanos del <br\/>\nATLAS, Agrupaci\u00f3n de Trabajadores Latinoamericanos Sindicalistas<br\/>\nLeer m\u00e1s<\/a>\n<br\/>\n<br \/>\n<a href=\"https:\/\/historiadelperonismo.com\/?p=12043\" style=\"color: #FFF\">- Francisco<br\/>\nEnc\u00edclica Laudato Si'<br>\nSobre el Cuidado de la Casa Com\u00fan<br\/>\nLeer m\u00e1s<\/a>\n<br\/>\n<br \/>\n\n<a href=\"https:\/\/historiadelperonismo.com\/?p=10020\" style=\"color: #FFF\">- Evita<br\/>\nMensaje a las mujeres espa\u00f1olas<br\/>\nMadrid, 15-06-1947<br\/>\nLeer m\u00e1s<\/a><br\/><\/br>\n<\/p>\n\n<\/div>\t\t\t\t<\/div>\n\t\t\t\t<\/div>\n\t\t\t\t<\/div>\n\t\t\t\t\t<\/div>\n\t\t\t\t<\/div>\n\t\t<div class=\"elementor-element elementor-element-b7d03f3 e-flex e-con-boxed e-con e-parent\" data-id=\"b7d03f3\" data-element_type=\"container\" data-e-type=\"container\" data-settings=\"{&quot;background_background&quot;:&quot;classic&quot;}\">\n\t\t\t\t\t<div class=\"e-con-inner\">\n\t\t\t\t<div class=\"elementor-element elementor-element-4e55cf4 elementor-widget elementor-widget-video\" data-id=\"4e55cf4\" data-element_type=\"widget\" data-e-type=\"widget\" data-settings=\"{&quot;video_type&quot;:&quot;hosted&quot;,&quot;controls&quot;:&quot;yes&quot;}\" data-widget_type=\"video.default\">\n\t\t\t\t<div class=\"elementor-widget-container\">\n\t\t\t\t\t\t\t<div class=\"e-hosted-video elementor-wrapper elementor-open-inline\">\n\t\t\t\t\t<video class=\"elementor-video\" src=\"https:\/\/historiadelperonismo.com\/video\/historia_del_peronismo%20_video.mp4\" controls=\"\" preload=\"metadata\" controlsList=\"nodownload\"><\/video>\n\t\t\t\t<\/div>\n\t\t\t\t\t\t<\/div>\n\t\t\t\t<\/div>\n\t\t\t\t\t<\/div>\n\t\t\t\t<\/div>\n\t\t<div class=\"elementor-element elementor-element-39cf028 e-flex e-con-boxed e-con e-parent\" data-id=\"39cf028\" data-element_type=\"container\" data-e-type=\"container\" data-settings=\"{&quot;background_background&quot;:&quot;classic&quot;}\">\n\t\t\t\t\t<div class=\"e-con-inner\">\n\t\t\t\t<div class=\"elementor-element elementor-element-c7a0b0c elementor-widget elementor-widget-html\" data-id=\"c7a0b0c\" data-element_type=\"widget\" data-e-type=\"widget\" data-widget_type=\"html.default\">\n\t\t\t\t<div class=\"elementor-widget-container\">\n\t\t\t\t\t<table style=\"border:none;\">\n<tr style=\"border:none;\">\n<td style=\"border:none;\">\n<a href=\"https:\/\/historiadelperonismo.com\/?page_id=14023\" target=\"_self\">\n<img decoding=\"async\" src=\"https:\/\/historiadelperonismo.com\/wp-content\/uploads\/PERON-2.jpg\" alt=\"\"  style=\"border-radius:8px;\">\n<\/a>\n<\/td>\n<td style=\"border:none;\">\n<a href=\"https:\/\/historiadelperonismo.com\/?page_id=13988\" target=\"_self\">\n<img decoding=\"async\" src=\"https:\/\/historiadelperonismo.com\/wp-content\/uploads\/HISTORIA-1.jpg\" alt=\"\" style=\"border-radius:8px;\">\n<\/a>\n<\/tr>\n<\/td>\n<tr>\n<td style=\"border:none;\">\n<a href=\"https:\/\/historiadelperonismo.com\/?page_id=14023\" target=\"_self\">\n<h2 style=\"color:#ffffff;\"><strong>QUIENES SOMOS<\/strong><\/h2>\n<\/a>\n<\/td>\n<td style=\"border:none;\">\n<a href=\"https:\/\/historiadelperonismo.com\/?page_id=13988\" target=\"_self\">\n<h2 style=\"color:#ffffff;\"><strong>DESCARGAS<\/strong><\/h2>\n<\/a>\n<\/td>\n<\/tr>\n<\/table>\t\t\t\t<\/div>\n\t\t\t\t<\/div>\n\t\t\t\t\t<\/div>\n\t\t\t\t<\/div>\n\t\t\t\t<\/div>\n\t\t","protected":false},"excerpt":{"rendered":"<p>EDITORIAL Nuestras felicitaciones y reconocimiento para editores\/as, redactores\/as, colaboradores\/as y equipo t\u00e9cnico por la nueva edici\u00f3n de Hechos e Ideas, gloriosa tribuna abierta del pensamiento nacional [&hellip;]<\/p>\n","protected":false},"author":2,"featured_media":0,"parent":0,"menu_order":0,"comment_status":"closed","ping_status":"closed","template":"","meta":{"footnotes":""},"class_list":["post-13942","page","type-page","status-publish","hentry"],"_links":{"self":[{"href":"https:\/\/historiadelperonismo.com\/index.php?rest_route=\/wp\/v2\/pages\/13942","targetHints":{"allow":["GET"]}}],"collection":[{"href":"https:\/\/historiadelperonismo.com\/index.php?rest_route=\/wp\/v2\/pages"}],"about":[{"href":"https:\/\/historiadelperonismo.com\/index.php?rest_route=\/wp\/v2\/types\/page"}],"author":[{"embeddable":true,"href":"https:\/\/historiadelperonismo.com\/index.php?rest_route=\/wp\/v2\/users\/2"}],"replies":[{"embeddable":true,"href":"https:\/\/historiadelperonismo.com\/index.php?rest_route=%2Fwp%2Fv2%2Fcomments&post=13942"}],"version-history":[{"count":64,"href":"https:\/\/historiadelperonismo.com\/index.php?rest_route=\/wp\/v2\/pages\/13942\/revisions"}],"predecessor-version":[{"id":14068,"href":"https:\/\/historiadelperonismo.com\/index.php?rest_route=\/wp\/v2\/pages\/13942\/revisions\/14068"}],"wp:attachment":[{"href":"https:\/\/historiadelperonismo.com\/index.php?rest_route=%2Fwp%2Fv2%2Fmedia&parent=13942"}],"curies":[{"name":"wp","href":"https:\/\/api.w.org\/{rel}","templated":true}]}}